{"id":10634,"date":"2024-07-16T08:07:07","date_gmt":"2024-07-16T08:07:07","guid":{"rendered":"https:\/\/namiwell.com\/?page_id=10634"},"modified":"2025-10-06T12:37:42","modified_gmt":"2025-10-06T10:37:42","slug":"pro-partnery","status":"publish","type":"page","link":"https:\/\/namiwell.com\/cs\/pro-partnery\/","title":{"rendered":"Pro partnery"},"content":{"rendered":"<div class=\"members-access-error\">&nbsp;<\/p>\n<p style=\"text-align: center\">Omlouv\u00e1me se, ale tato str\u00e1nka je dostupn\u00e1 pouze pro p\u0159ihl\u00e1\u0161en\u00e9 u\u017eivatele. Pro zobrazen\u00ed obsahu se pros\u00edm <a href=\"https:\/\/namiwell.com\/cs\/prihlaseni\/\">p\u0159ihlaste<\/a>.<\/p>\n<p>&nbsp;<\/p><\/div>\n","protected":false},"excerpt":{"rendered":"<div class=\"members-access-error\">&nbsp;<\/p>\n<p style=\"text-align: center\">Omlouv\u00e1me se, ale tato str\u00e1nka je dostupn\u00e1 pouze pro p\u0159ihl\u00e1\u0161en\u00e9 u\u017eivatele. Pro zobrazen\u00ed obsahu se pros\u00edm <a href=\"https:\/\/namiwell.com\/cs\/prihlaseni\/\">p\u0159ihlaste<\/a>.<\/p>\n<p>&nbsp;<\/p><\/div>\n","protected":false},"author":3,"featured_media":0,"parent":0,"menu_order":0,"comment_status":"closed","ping_status":"closed","template":"elementor_header_footer","meta":{"_acf_changed":false,"footnotes":""},"class_list":["post-10634","page","type-page","status-publish","hentry"],"acf":[],"aioseo_notices":[],"_links":{"self":[{"href":"https:\/\/namiwell.com\/cs\/wp-json\/wp\/v2\/pages\/10634","targetHints":{"allow":["GET"]}}],"collection":[{"href":"https:\/\/namiwell.com\/cs\/wp-json\/wp\/v2\/pages"}],"about":[{"href":"https:\/\/namiwell.com\/cs\/wp-json\/wp\/v2\/types\/page"}],"author":[{"embeddable":true,"href":"https:\/\/namiwell.com\/cs\/wp-json\/wp\/v2\/users\/3"}],"replies":[{"embeddable":true,"href":"https:\/\/namiwell.com\/cs\/wp-json\/wp\/v2\/comments?post=10634"}],"version-history":[{"count":0,"href":"https:\/\/namiwell.com\/cs\/wp-json\/wp\/v2\/pages\/10634\/revisions"}],"wp:attachment":[{"href":"https:\/\/namiwell.com\/cs\/wp-json\/wp\/v2\/media?parent=10634"}],"curies":[{"name":"wp","href":"https:\/\/api.w.org\/{rel}","templated":true}]}}