{"id":10815,"date":"2024-09-02T15:10:13","date_gmt":"2024-09-02T15:10:13","guid":{"rendered":"https:\/\/namiwell.com\/?page_id=10815"},"modified":"2024-09-03T06:19:27","modified_gmt":"2024-09-03T06:19:27","slug":"prihlaseni","status":"publish","type":"page","link":"https:\/\/namiwell.com\/cs\/prihlaseni\/","title":{"rendered":"P\u0159ihl\u00e1\u0161en\u00ed"},"content":{"rendered":"\t\t<div data-elementor-type=\"wp-page\" data-elementor-id=\"10815\" class=\"elementor elementor-10815\" data-elementor-settings=\"{&quot;ha_cmc_init_switcher&quot;:&quot;no&quot;}\" data-elementor-post-type=\"page\">\n\t\t\t\t<div data-particle_enable=\"false\" data-particle-mobile-disabled=\"false\" class=\"elementor-element elementor-element-3f0ec82 e-flex e-con-boxed e-con e-parent\" data-id=\"3f0ec82\" data-element_type=\"container\" data-e-type=\"container\" data-settings=\"{&quot;background_background&quot;:&quot;classic&quot;,&quot;_ha_eqh_enable&quot;:false}\">\n\t\t\t\t\t<div class=\"e-con-inner\">\n\t\t\t\t<div class=\"elementor-element elementor-element-fc43b8e elementor-widget elementor-widget-image\" data-id=\"fc43b8e\" data-element_type=\"widget\" data-e-type=\"widget\" data-widget_type=\"image.default\">\n\t\t\t\t<div class=\"elementor-widget-container\">\n\t\t\t\t\t\t\t\t\t\t\t\t\t\t\t\t<a href=\"https:\/\/namiwell.com\/cs\/\">\n\t\t\t\t\t\t\t<img decoding=\"async\" width=\"261\" height=\"84\" src=\"https:\/\/namiwell.com\/wp-content\/uploads\/2024\/03\/namiwell_logo_Kreslici-platno-1-04.svg\" class=\"attachment-large size-large wp-image-8419\" alt=\"\" \/>\t\t\t\t\t\t\t\t<\/a>\n\t\t\t\t\t\t\t\t\t\t\t\t\t\t\t<\/div>\n\t\t\t\t<\/div>\n\t\t<div data-particle_enable=\"false\" data-particle-mobile-disabled=\"false\" class=\"elementor-element elementor-element-00db46f e-con-full e-flex e-con e-child\" data-id=\"00db46f\" data-element_type=\"container\" data-e-type=\"container\" data-settings=\"{&quot;background_background&quot;:&quot;classic&quot;,&quot;_ha_eqh_enable&quot;:false}\">\n\t\t\t\t<div class=\"elementor-element elementor-element-e972714 elementor-widget elementor-widget-login\" data-id=\"e972714\" data-element_type=\"widget\" data-e-type=\"widget\" data-widget_type=\"login.default\">\n\t\t\t\t<div class=\"elementor-widget-container\">\n\t\t\t\t\t\t\t<form class=\"elementor-login elementor-form\" method=\"post\" action=\"https:\/\/namiwell.com\/cs\/wp-login.php\" aria-label=\"Login form\">\n\t\t\t<input type=\"hidden\" name=\"redirect_to\" value=\"\/cs\/pro-partnery\/\">\n\t\t\t<div class=\"elementor-form-fields-wrapper\">\n\t\t\t\t<div class=\"elementor-field-type-text elementor-field-group elementor-column elementor-col-100 elementor-field-required\">\n\t\t\t\t\t<label for=\"user-e972714\" class=\"elementor-field-label\">P\u0159ihla\u0161ovac\u00ed jm\u00e9no<\/label>\n\t\t\t\t\t<input size=\"1\" type=\"text\" name=\"log\" id=\"user-e972714\" placeholder=\"Jm\u00e9no nebo e-mail\" class=\"elementor-field elementor-field-textual elementor-size-sm\">\n\t\t\t\t<\/div>\n\t\t\t\t<div class=\"elementor-field-type-text elementor-field-group elementor-column elementor-col-100 elementor-field-required\">\n\t\t\t\t\t<label for=\"password-e972714\" class=\"elementor-field-label\">Heslo<\/label>\n\t\t\t\t\t<input size=\"1\" type=\"password\" name=\"pwd\" id=\"password-e972714\" placeholder=\"Heslo\" class=\"elementor-field elementor-field-textual elementor-size-sm\">\n\t\t\t\t<\/div>\n\n\t\t\t\t\t\t\t\t\t<div class=\"elementor-field-type-checkbox elementor-field-group elementor-column elementor-col-100 elementor-remember-me\">\n\t\t\t\t\t\t<label for=\"elementor-login-remember-me\">\n\t\t\t\t\t\t\t<input type=\"checkbox\" id=\"elementor-login-remember-me\" name=\"rememberme\" value=\"forever\">\n\t\t\t\t\t\t\tPamatovat si m\u011b\t\t\t\t\t\t<\/label>\n\t\t\t\t\t<\/div>\n\t\t\t\t\n\t\t\t\t<div class=\"elementor-field-group elementor-column elementor-field-type-submit elementor-col-100\">\n\t\t\t\t\t<button type=\"submit\" class=\"elementor-size-lg elementor-button\" name=\"wp-submit\">\n\t\t\t\t\t\t\t\t\t\t\t\t\t\t\t<span class=\"elementor-button-text\">P\u0159ihl\u00e1sit se<\/span>\n\t\t\t\t\t\t\t\t\t\t\t\t<\/button>\n\t\t\t\t<\/div>\n\n\t\t\t\t\t\t\t\t\t<div class=\"elementor-field-group elementor-column elementor-col-100\">\n\t\t\t\t\t\t\t\t\t\t\t\t\t\t\t\t\t\t\t\t<a class=\"elementor-lost-password\" href=\"https:\/\/namiwell.com\/cs\/wp-login.php?action=lostpassword&redirect_to=%2Fcs%2Fpro-partnery%2F\">\n\t\t\t\t\t\t\t\tZapomn\u011bli jste heslo?\t\t\t\t\t\t\t<\/a>\n\t\t\t\t\t\t\n\t\t\t\t\t\t\t\t\t\t\t<\/div>\n\t\t\t\t\t\t\t<\/div>\n\t\t<\/form>\n\t\t\t\t\t\t<\/div>\n\t\t\t\t<\/div>\n\t\t\t\t<\/div>\n\t\t\t\t\t<\/div>\n\t\t\t\t<\/div>\n\t\t\t\t<\/div>\n\t\t","protected":false},"excerpt":{"rendered":"","protected":false},"author":4,"featured_media":0,"parent":0,"menu_order":0,"comment_status":"closed","ping_status":"closed","template":"elementor_canvas","meta":{"_acf_changed":false,"footnotes":""},"class_list":["post-10815","page","type-page","status-publish","hentry"],"acf":[],"aioseo_notices":[],"_links":{"self":[{"href":"https:\/\/namiwell.com\/cs\/wp-json\/wp\/v2\/pages\/10815","targetHints":{"allow":["GET"]}}],"collection":[{"href":"https:\/\/namiwell.com\/cs\/wp-json\/wp\/v2\/pages"}],"about":[{"href":"https:\/\/namiwell.com\/cs\/wp-json\/wp\/v2\/types\/page"}],"author":[{"embeddable":true,"href":"https:\/\/namiwell.com\/cs\/wp-json\/wp\/v2\/users\/4"}],"replies":[{"embeddable":true,"href":"https:\/\/namiwell.com\/cs\/wp-json\/wp\/v2\/comments?post=10815"}],"version-history":[{"count":0,"href":"https:\/\/namiwell.com\/cs\/wp-json\/wp\/v2\/pages\/10815\/revisions"}],"wp:attachment":[{"href":"https:\/\/namiwell.com\/cs\/wp-json\/wp\/v2\/media?parent=10815"}],"curies":[{"name":"wp","href":"https:\/\/api.w.org\/{rel}","templated":true}]}}