{"id":9685,"date":"2024-03-07T13:53:04","date_gmt":"2024-03-07T12:53:04","guid":{"rendered":"https:\/\/namiwell.com\/contact\/"},"modified":"2024-11-25T19:45:50","modified_gmt":"2024-11-25T18:45:50","slug":"contact","status":"publish","type":"page","link":"https:\/\/namiwell.com\/cs\/contact\/","title":{"rendered":"KONTAKT."},"content":{"rendered":"\t\t<div data-elementor-type=\"wp-page\" data-elementor-id=\"9685\" class=\"elementor elementor-9685 elementor-8557\" data-elementor-settings=\"{&quot;ha_cmc_init_switcher&quot;:&quot;no&quot;}\" data-elementor-post-type=\"page\">\n\t\t\t\t\t\t<section data-particle_enable=\"false\" data-particle-mobile-disabled=\"false\" class=\"elementor-section elementor-top-section elementor-element elementor-element-df426c1 elementor-section-boxed elementor-section-height-default elementor-section-height-default\" data-id=\"df426c1\" data-element_type=\"section\" data-e-type=\"section\" data-settings=\"{&quot;background_background&quot;:&quot;classic&quot;,&quot;_ha_eqh_enable&quot;:false}\">\n\t\t\t\t\t\t<div class=\"elementor-container elementor-column-gap-default\">\n\t\t\t\t\t<div class=\"elementor-column elementor-col-100 elementor-top-column elementor-element elementor-element-cd9f419\" data-id=\"cd9f419\" data-element_type=\"column\" data-e-type=\"column\">\n\t\t\t<div class=\"elementor-widget-wrap elementor-element-populated\">\n\t\t\t\t\t\t<section data-particle_enable=\"false\" data-particle-mobile-disabled=\"false\" class=\"elementor-section elementor-inner-section elementor-element elementor-element-e5cb1ec elementor-section-content-middle elementor-section-boxed elementor-section-height-default elementor-section-height-default\" data-id=\"e5cb1ec\" data-element_type=\"section\" data-e-type=\"section\" data-settings=\"{&quot;_ha_eqh_enable&quot;:false}\">\n\t\t\t\t\t\t<div class=\"elementor-container elementor-column-gap-default\">\n\t\t\t\t\t<div class=\"elementor-column elementor-col-50 elementor-inner-column elementor-element elementor-element-e1a154f\" data-id=\"e1a154f\" data-element_type=\"column\" data-e-type=\"column\">\n\t\t\t<div class=\"elementor-widget-wrap elementor-element-populated\">\n\t\t\t\t\t\t<div class=\"elementor-element elementor-element-6305d69 animated-slow elementor-invisible elementor-widget elementor-widget-heading\" data-id=\"6305d69\" data-element_type=\"widget\" data-e-type=\"widget\" data-settings=\"{&quot;_animation&quot;:&quot;zoomIn&quot;}\" data-widget_type=\"heading.default\">\n\t\t\t\t<div class=\"elementor-widget-container\">\n\t\t\t\t\t<h2 class=\"elementor-heading-title elementor-size-default\">Kontaktujte n\u00e1s<\/h2>\t\t\t\t<\/div>\n\t\t\t\t<\/div>\n\t\t\t\t<div class=\"elementor-element elementor-element-0a5af35 animated-slow eael-infobox-shape-square eael-infobox-hover-img-shape-square elementor-invisible elementor-widget elementor-widget-eael-info-box\" data-id=\"0a5af35\" data-element_type=\"widget\" data-e-type=\"widget\" data-settings=\"{&quot;_animation&quot;:&quot;slideInRight&quot;,&quot;_animation_delay&quot;:200}\" data-widget_type=\"eael-info-box.default\">\n\t\t\t\t<div class=\"elementor-widget-container\">\n\t\t\t\t\t        <div class=\"eael-infobox icon-on-left\">\n\t            <div class=\"infobox-icon\">\n\n                            <img decoding=\"async\" src=\"https:\/\/namiwell.com\/wp-content\/uploads\/2024\/03\/3.png\" alt=\"\">\n            \n            \n            \n        <\/div>\n            <div class=\"infobox-content\">\n                    <div class=\"infobox-title-section\">\n                <h6 class=\"title\">Kancel\u00e1\u0159<\/h6>            <\/div>\n            <div><p>Purky\u0148ova 648\/125<\/p><p>612 00 Brno, \u010cesk\u00e1 republika<\/p><\/div>        <\/div>\n            <\/div>\n\n\t\t\t\t\t\t<\/div>\n\t\t\t\t<\/div>\n\t\t\t\t<div class=\"elementor-element elementor-element-fe169e5 animated-slow eael-infobox-shape-square eael-infobox-hover-img-shape-square elementor-invisible elementor-widget elementor-widget-eael-info-box\" data-id=\"fe169e5\" data-element_type=\"widget\" data-e-type=\"widget\" data-settings=\"{&quot;_animation&quot;:&quot;slideInRight&quot;,&quot;_animation_delay&quot;:400}\" data-widget_type=\"eael-info-box.default\">\n\t\t\t\t<div class=\"elementor-widget-container\">\n\t\t\t\t\t        <div class=\"eael-infobox icon-on-left\">\n\t            <div class=\"infobox-icon\">\n\n                            <img decoding=\"async\" src=\"https:\/\/namiwell.com\/wp-content\/uploads\/2024\/03\/4.png\" alt=\"\">\n            \n            \n            \n        <\/div>\n            <div class=\"infobox-content\">\n                    <div class=\"infobox-title-section\">\n                <h6 class=\"title\">Telefon<\/h6>            <\/div>\n            <div><p>Lucie Zaj\u00ed\u010dkov\u00e1 &#8211; Obchod<br \/>+420 797 662 922<\/p><\/div>        <\/div>\n            <\/div>\n\n\t\t\t\t\t\t<\/div>\n\t\t\t\t<\/div>\n\t\t\t\t<div class=\"elementor-element elementor-element-44fa47e animated-slow eael-infobox-shape-square eael-infobox-hover-img-shape-square elementor-invisible elementor-widget elementor-widget-eael-info-box\" data-id=\"44fa47e\" data-element_type=\"widget\" data-e-type=\"widget\" data-settings=\"{&quot;_animation&quot;:&quot;slideInRight&quot;,&quot;_animation_delay&quot;:600}\" data-widget_type=\"eael-info-box.default\">\n\t\t\t\t<div class=\"elementor-widget-container\">\n\t\t\t\t\t        <div class=\"eael-infobox icon-on-left\">\n\t            <div class=\"infobox-icon\">\n\n                            <img decoding=\"async\" src=\"https:\/\/namiwell.com\/wp-content\/uploads\/2024\/03\/5.png\" alt=\"\">\n            \n            \n            \n        <\/div>\n            <div class=\"infobox-content\">\n                    <div class=\"infobox-title-section\">\n                <h6 class=\"title\">E-mail<\/h6>            <\/div>\n            <div><p>obchod@namiwell.com<\/p><\/div>        <\/div>\n            <\/div>\n\n\t\t\t\t\t\t<\/div>\n\t\t\t\t<\/div>\n\t\t\t\t\t<\/div>\n\t\t<\/div>\n\t\t\t\t<div class=\"elementor-column elementor-col-50 elementor-inner-column elementor-element elementor-element-7ce7700\" data-id=\"7ce7700\" data-element_type=\"column\" data-e-type=\"column\">\n\t\t\t<div class=\"elementor-widget-wrap elementor-element-populated\">\n\t\t\t\t\t\t<div class=\"elementor-element elementor-element-49b6dc3 elementor-widget elementor-widget-image\" data-id=\"49b6dc3\" data-element_type=\"widget\" data-e-type=\"widget\" data-widget_type=\"image.default\">\n\t\t\t\t<div class=\"elementor-widget-container\">\n\t\t\t\t\t\t\t\t\t\t\t\t\t\t\t<img fetchpriority=\"high\" decoding=\"async\" width=\"640\" height=\"640\" src=\"https:\/\/namiwell.com\/wp-content\/uploads\/2024\/11\/Lucka-photo-Square-1-1024x1024.png\" class=\"attachment-large size-large wp-image-10963\" alt=\"Lucie Zajickova\" srcset=\"https:\/\/namiwell.com\/wp-content\/uploads\/2024\/11\/Lucka-photo-Square-1-1024x1024.png 1024w, https:\/\/namiwell.com\/wp-content\/uploads\/2024\/11\/Lucka-photo-Square-1-300x300.png 300w, https:\/\/namiwell.com\/wp-content\/uploads\/2024\/11\/Lucka-photo-Square-1-150x150.png 150w, https:\/\/namiwell.com\/wp-content\/uploads\/2024\/11\/Lucka-photo-Square-1-768x768.png 768w, https:\/\/namiwell.com\/wp-content\/uploads\/2024\/11\/Lucka-photo-Square-1-85x85.png 85w, https:\/\/namiwell.com\/wp-content\/uploads\/2024\/11\/Lucka-photo-Square-1-60x60.png 60w, https:\/\/namiwell.com\/wp-content\/uploads\/2024\/11\/Lucka-photo-Square-1.png 1080w\" sizes=\"(max-width: 640px) 100vw, 640px\" \/>\t\t\t\t\t\t\t\t\t\t\t\t\t\t\t<\/div>\n\t\t\t\t<\/div>\n\t\t\t\t\t<\/div>\n\t\t<\/div>\n\t\t\t\t\t<\/div>\n\t\t<\/section>\n\t\t\t\t<div class=\"elementor-element elementor-element-78db32a elementor-widget elementor-widget-text-editor\" data-id=\"78db32a\" data-element_type=\"widget\" data-e-type=\"widget\" data-widget_type=\"text-editor.default\">\n\t\t\t\t<div class=\"elementor-widget-container\">\n\t\t\t\t\t\t\t\t\t<p>I\u010c: 19844158, Pr\u00e1vnick\u00e1 osoba zaps\u00e1na v obchodn\u00edm rejst\u0159\u00edku M\u011bstsk\u00e9ho soudu v Praze od 6. b\u0159ezna 2024, spisov\u00e1 zna\u010dka C 400173.<\/p>\t\t\t\t\t\t\t\t<\/div>\n\t\t\t\t<\/div>\n\t\t\t\t\t<\/div>\n\t\t<\/div>\n\t\t\t\t\t<\/div>\n\t\t<\/section>\n\t\t\t\t<\/div>\n\t\t","protected":false},"excerpt":{"rendered":"<p>Kontaktujte n\u00e1s Kancel\u00e1\u0159 Purky\u0148ova 648\/125 612 00 Brno, \u010cesk\u00e1 republika Telefon Lucie Zaj\u00ed\u010dkov\u00e1 &#8211; Obchod+420 797 662 922 E-mail obchod@namiwell.com I\u010c: 19844158, Pr\u00e1vnick\u00e1 osoba zaps\u00e1na v obchodn\u00edm rejst\u0159\u00edku M\u011bstsk\u00e9ho soudu v Praze od 6. b\u0159ezna 2024, spisov\u00e1 zna\u010dka C 400173.<\/p>\n","protected":false},"author":3,"featured_media":0,"parent":0,"menu_order":0,"comment_status":"closed","ping_status":"closed","template":"elementor_header_footer","meta":{"_acf_changed":false,"footnotes":""},"class_list":["post-9685","page","type-page","status-publish","hentry"],"acf":[],"aioseo_notices":[],"_links":{"self":[{"href":"https:\/\/namiwell.com\/cs\/wp-json\/wp\/v2\/pages\/9685","targetHints":{"allow":["GET"]}}],"collection":[{"href":"https:\/\/namiwell.com\/cs\/wp-json\/wp\/v2\/pages"}],"about":[{"href":"https:\/\/namiwell.com\/cs\/wp-json\/wp\/v2\/types\/page"}],"author":[{"embeddable":true,"href":"https:\/\/namiwell.com\/cs\/wp-json\/wp\/v2\/users\/3"}],"replies":[{"embeddable":true,"href":"https:\/\/namiwell.com\/cs\/wp-json\/wp\/v2\/comments?post=9685"}],"version-history":[{"count":0,"href":"https:\/\/namiwell.com\/cs\/wp-json\/wp\/v2\/pages\/9685\/revisions"}],"wp:attachment":[{"href":"https:\/\/namiwell.com\/cs\/wp-json\/wp\/v2\/media?parent=9685"}],"curies":[{"name":"wp","href":"https:\/\/api.w.org\/{rel}","templated":true}]}}